{"id":421,"date":"2016-07-28T14:56:46","date_gmt":"2016-07-28T12:56:46","guid":{"rendered":"http:\/\/seitetesten.de\/et-ertel\/?page_id=421"},"modified":"2016-12-12T10:15:45","modified_gmt":"2016-12-12T08:15:45","slug":"publikationen","status":"publish","type":"page","link":"https:\/\/www.et-ertel.de\/en\/publications\/","title":{"rendered":"Publications"},"content":{"rendered":"<h2>2015<\/h2>\r\n<p>ERTEL,T., ALBERTI,L., ALIMI,H.,TREFELETTI,P.,PIETRINI,I., (2015) Fingerprinting and Groundwater Model Application to Evaluate Hydraulic Barrier Efficiency (Italy), Environmental Forensics, 16:3, 217-230<\/p>\r\n<p>ERTEL,T., KIRCHHOLTES, H.J.,UFRECHT, W., BLANKENHORN, I. (2015): Integrales Altlastenmanagement in Stuttgart \u2013 Grundlagen, Strategie und Vorgehensweise. Altlastenspektrum 06\/2015, S. 205-211<\/p>\r\n<p>ERTEL,T., KIRCHHOLTES, CARLE, A., VASIN, S. (2015): Der Grundwassermanagementplan f\u00fcr Stuttgart \u2013 Priorit\u00e4ten und konkrete Ma\u00dfnahmen zur Umsetzung bis 2026. Altlastenspektrum 06\/2015, S. 226-232<\/p>\r\n<p>ERTEL,T., KIRCHHOLTES, H.J.,UFRECHT, W., CARLE, A., SCHOLLENBERGER, U., SPITZBERG, S., LANG; U., SCH\u00c4FER, W., SCHWEIZER, U., VASIN, S. (2015): Chlorierte Kohlenwasserstoffe im Grundwasser. Untersuchungsmethoden, Modelle und ein Managementplan f\u00fcr Stuttgart. Springer Vieweg, Wiesbaden, 2015<\/p>\r\n<p>ERTEL,T (2015): Grundwassermanagementplan Stuttgart \u2013 Fachkonferenz am 2.\/3. Juli 2015. Altlasten Spektrum 02\/2015, S. 77<\/p>\r\n<hr \/>\r\n<h2>2012<\/h2>\r\n<p>ERTEL,T., KIRCHHOLTES, H.J., VON SCHNAKENBURG, P., SCHOLLENBERGER, U., SPITZBERG, S., SCH\u00c4FER, W. (2012): FOKS-Focus on Key Sources Abschluss der Integralen Grundwasseruntersuchung Stuttgart- Feuerbach St\u00f6rerauswahl und Einbindung der Einzelfallbearbeitung in eine \u00fcbergeordnete Sanierungsstrategie f\u00fcr den ganzen Stadtteil. Altlasten Spektrum 03\/2012, s. 101-109<\/p>\r\n<p>ERTEL, T., Gzyl, G., (2012): FOKS Handbook for Integral Groundwater Investigation. Toolbox for the identification of key sources of groundwater contamination. FOKS results brochure<\/p>\r\n<hr \/>\r\n<h2>2011<\/h2>\r\n<p>ERTEL, T. (2011): LIFE+ Projekt MAGPlan \u2013 Sauberes Grundwasser f\u00fcr Stuttgart, Tagung der Begleitgruppe am 07. und 08.04.2011 in Stuttgart. Altlasten Spektrum 04\/2011, s. 186-187<\/p>\r\n<p>ERTEL, T. (2011): Europ\u00e4ische F\u00f6rderung f\u00fcr Abfallwirtschaftliche Vorhaben &#8211; wie, wo, wer, wieviel. Zeitgem\u00e4\u00dfe Deponietechnik 2011. Stuttgarter Berichte zur Abfallwirtschaft M\u00e4rz 2011, Band 101, s.119-125<\/p>\r\n<hr \/>\r\n<h2>2009<\/h2>\r\n<p>ERTEL, T., D\u00d6RR, H., BLESSING, M, HANSEL, H., PHILIPPS, R., REBER, M, SCH\u00d6NDORF, T. (2009): Forensische Verfahren in der Altlastenbearbeitung. Altlastenforum Baden-W\u00fcrttemberg Heft 14.<\/p>\r\n<hr \/>\r\n<h2>2008<\/h2>\r\n<p>ERTEL, T. Ed. (2008): Monet\u00e4re Bewertung \u00f6kologischer Lasten auf Grundst\u00fccken und deren Einbeziehung in die Verkehrswertermittlung. ITVA-Arbeitshilfe <a href=\"http:\/\/www.itv-altlasten.de\" target=\"_blank\">www.itv-altlasten.de<\/a><\/p>\r\n<p>ERTEL, T., SCHOLLENBERGER, U., Eds. (2008): Handbook for Integral Groundwater Investigation. MAGIC \u2013 Management of Groundwater at Industrially Contaminated Sites. <a href=\"http:\/\/www.magic-cadses.com\" target=\"_blank\">www.magic-cadses.com<\/a><\/p>\r\n<p>ERTEL, T., SCHUG, B., GEFFERS, G. (2008): REVIT \u2013 Revitalising Industrial Sites. Towards More Effective and Sustainable Brownfield Revitalisation Policies. In: Proceedings of ConSoil 2008 in Milano 3rd-6th June.<\/p>\r\n<hr \/>\r\n<h2>2007<\/h2>\r\n<p>BROOS, L., ERTEL, T., GRAY, A., SCHUG, B., VEGTER, J. Eds. (2007): European Brownfield Revitalisation Agenda.<\/p>\r\n<p>ERTEL, T. Ed. (2007): Revit &#8211; Working Towards More Effective and Sustainable Brownfield Revitalisation Policies. Ensuring Sustainability in Brownfield Revitalisation. <a href=\"http:\/\/www.revit-nweurope.org\" target=\"_blank\">www.revit-nweurope.org<\/a><\/p>\r\n<p>ERTEL, T. Ed. (2007): Revit &#8211; Working Towards More Effective and Sustainable Brownfield Revitalisation Policies. Financing Techniques Brochure. <a href=\"http:\/\/www.revit-nweurope.org\" target=\"_blank\">www.revit-nweurope.org<\/a><\/p>\r\n<p>ERTEL, T. Ed. (2007): Revit &#8211; Working Towards More Effective and Sustainable Brownfield Revitalisation Policies. Results Brochure. <a href=\"http:\/\/www.revit-nweurope.org\" target=\"_blank\">www.revit-nweurope.org<\/a><\/p>\r\n<p>ERTEL, T., KIRCHHOLTES, H. (2007): INCORE: Integrated Concept for Groundwater Remediation. In: Groundwater Science and Policy, RSC Publishing, S. 316-345 <a href=\"http:\/\/www.rsc.org\/shop\/books\" target=\"_blank\">http:\/\/www.rsc.org\/shop\/books<\/a><\/p>\r\n<hr \/>\r\n<h2>2006<\/h2>\r\n<p>ERTEL, T., TOSONI, I. Eds. (2006): PROSIDE &#8211; Promoting Sustainable Inner Urban Development. <a href=\"http:\/\/www.proside.info\" target=\"_blank\">www.proside.info<\/a><\/p>\r\n<p>ERTEL, T., KONING, E., B\u00c4RLIN, M., SCHUG, B. (2006): Fl\u00e4chenmanagement und Liegenschaftsrecycling. TerraTech 11-12\/06 <a href=\"http:\/\/www.terratech.de\/\" target=\"_blank\">http:\/\/www.terratech.de\/<\/a><\/p>\r\n<p>KIRCHHOLTES, H., SCHWEIKER, M., KRIEGER, N., ERTEL, T. (2006): PROSIDE \u2013 INTERREG-Projekt zur nachhaltigen Stadtentwicklung. Local land and soil news no. 18\/19 II-III\/06, S. 10-11 <a href=\"http:\/\/www.bodenbuendnis.de\" target=\"_blank\">www.bodenbuendnis.de<\/a><\/p>\r\n<hr \/>\r\n<h2>2005<\/h2>\r\n<p>ERTEL, T. Ed. (2005): Risk Based Management of Contamination and Protection of the Soil System in Urban Environments. JOINT Research Agenda.<\/p>\r\n<hr \/>\r\n<h2>2004<\/h2>\r\n<p>ERTEL, T., GZYL, J. (2004): Integrated Concept for Groundwater Remediation. JSS &#8211; J Soils &amp; Sediments 4 (3), S. 207-208. <a href=\"http:\/\/www.springerlink.com\" target=\"_blank\">www.springerlink.com<\/a><\/p>\r\n<p>BLUM, W., BARCELO, D., B\u00dcSING, J., ERTEL, T., IMESON, A., VEGTER, J. (2004): Scientific Basis for the Management of European Soil Resources. Research Agenda. Wien: Guthmann-Peterson <a href=\"http:\/\/www.springerlink.com\" target=\"_blank\">www.springerlink.com<\/a><\/p>\r\n<p>BISSEN, M., FRIMMEL, H., ERTEL, T., BUNDSCHUH, R., SCHULZ, W. &amp; SCHREIER, M. (2003): Arsenkontaminationen im Grundwasser \u2013 Charakterisierung und Sanierung. altlasten spektrum 4\/2003, S.197-204 <a href=\"http:\/\/www.umweltdigital.de\" target=\"_blank\">www.umweltdigital.de<\/a><\/p>\r\n<hr \/>\r\n<h2>2003<\/h2>\r\n<p>ERTEL, T. &amp; SCHUG, B. (2003): Internationale Abschlusskonferenz zum INCORE Projekt. TerraTech, 7-8, S. TT18-TT19.<\/p>\r\n<p>ERTEL, T. &amp; KIRCHHOLTES, H. J. (2003): Integrale Konzepte zur Grundwassersanierung in st\u00e4dtischen Industriegebieten an den Beispielen Stuttgart und Mailand \u2013 Ergebnisse des EU-Projektes INCORE, altlasten spektrum 3\/2003, S. 117-125 <a href=\"http:\/\/www.umweltdigital.de\/zs\/altlasten-spektrum\" target=\"_blank\">www.umweltdigital.de\/zs\/altlasten-spektrum<\/a><\/p>\r\n<p>ERTEL, T. (2003): JOINT technical approach for soil and groundwater quality management. 8th International FZK\/TNO Conference on Contaminated Soil, ICC Gent, Belgium, 12th &#8211; 16th May 2003, Abstracts of Presentations, S. 218-219, Conf. Proc. S. 3813-3818<\/p>\r\n<hr \/>\r\n<h2>2002<\/h2>\r\n<p>ALIMI H.; ERTEL, T. &amp; SCHUG, B. (2002): Fingerprinting of Hydrocarbon fuel contaminants: Literature Review. Environmental Forensics 3\/2003, S. 25-39 <a href=\"http:\/\/www.informaworld.com\" target=\"_blank\">www.informaworld.com<\/a><\/p>\r\n<p>ERTEL, T. &amp; SCHUG, B. (2002): Integrated concept for groundwater remediation &#8211; INCORE. In Brebbia, C.A.; Almorza, D.&amp; Klapperich, H. (eds.): Brownfield Sites &#8211; Assessment, Rehabilitation &amp; Development. WIT press, Southampton, UK <a href=\"http:\/\/www.witpress.com\/acatalog\" target=\"_blank\">www.witpress.com\/acatalog<\/a><\/p>\r\n<p>ERTEL, T. (2002): INCORE &#8211; Perspektiven f\u00fcr die Altlastenbearbeitung in gro\u00dffl\u00e4chigen Industriegebieten, TerraTech 4\/2002, TT11 &#8211; TT14<\/p>\r\n<hr \/>\r\n<h2>2001<\/h2>\r\n<p>ERTEL, T. &amp; SCHUG, B. (2001): Introducing INCORE &#8211; INTEGRAL CONCEPT FOR GROUNDWATER REMEDIATION. In Federal Agency Austria (Ed.): Cluster Meeting IMage train, Proceedings of the first IMAGE TRAIN Cluster meeting, University Karlsruhe, Germany, 7. &#8211; 9. November 2001.<\/p>\r\n<p>ERTEL, T. (2001): Integrated Concept for Groundwater Remediation &#8211; INCORE ; -Localisation and identification of groundwater contamination- (Contract N\u00b0 EVK1-CT-1999-00017), 1st Workshop SENSPOL: Sensing Technologies for Contaminated Sites and Groundwater, University of Alcal\u00e1, Madrid, Spain, 9. &#8211; 11. May 2001, Conference Proceedings, 49 &#8211; 58.<\/p>\r\n<p>ERTEL, T. &amp; TEUTSCH, G. (2001): Integrated Concept of Groundwater Remediation (INCORE EVK1-CT1999-00017), Workshop on the protection of european water resources, Contaminated Sites Landfills-Sediments, Diffuse Pollution, Harrogate, UK, 21. &#8211; 23. May 2001, Conference Proceedings CR5, p 105.<\/p>\r\n<p>ALIMI, H. &amp; ERTEL, T. (2001): Charakterisierung von organischen Schadstoffen in Boden und Grundwasser, TerraTech 5\/2001, S. 32-36<\/p>\r\n<p>Landesanstalt f\u00fcr Umweltschutz Baden-W\u00fcrttemberg (Hrsg.) (2001): Handlungsempfehlung zum Einsatz von Vor-Ort-Analytik. In: Handbuch Altlasten und Grundwasserschadensf\u00e4lle, Bd. 33, 112 S. <a href=\"http:\/\/www.lubw.baden-wuerttemberg.de\" target=\"_blank\">www.lubw.baden-wuerttemberg.de<\/a><\/p>\r\n<hr \/>\r\n<h2>2000<\/h2>\r\n<p>ALBERTI, L. &amp; ERTEL, T. &amp; FRANCANI, V. &amp; MILANI, A. &amp; TANDA, M. G. (2000): The integrated concept for groundwater remediation. Atti del Convegno \u201eBonifica di siti contaminati, Le nuove frontiere\u201c, Provincia di Milano, 10 novembre 2000, Milano<\/p>\r\n<p>ALIMI, H. &amp; ERTEL, T. (2000): Quantifizierung und Prognose von Natural Attenuation mittels GC-MS Fingerprinting-Analytik, DECHEMA e.V. \u2013 2. Symposium Natural Attenuation, Tagungsband S. 49-51.<\/p>\r\n<p>ERTEL, T. &amp; KERN, F. (2000): Probennahmeplanung gem\u00e4\u00df BBodSchV: Erkundungsstrategie mit Vor-Ort-Analytik, TerraTech 5\/2000, S. 25-28.<\/p>\r\n<p>ALIMI, H. &amp; ERTEL, T. (2000): Light Hydrocarbon Fuels and Oxygenates in the Subsurface: Usage, Transport, and Fate in the Environment, ConSoil &#8211; Contaminated Soil, Leipzig, Germany, Conference Proceedings 2, 748-750 Thomas Telford Publishing, London <a href=\"http:\/\/www.thomastelford.com\/books\" target=\"_blank\">www.thomastelford.com\/books<\/a><\/p>\r\n<p>ERTEL, T. (2000): Integrated Concept of Groundwater Remediation, ConSoil &#8211; Contaminated Soil, Leipzig, Germany, Conference Proceedings 1, 548-551, Thomas Telford Publishing, London <a href=\"http:\/\/www.thomastelford.com\/books\" target=\"_blank\">www.thomastelford.com\/books<\/a><\/p>\r\n<p>TEUTSCH, G. &amp; ERTEL, T. (2000): Integrated Concept of Groundwater Remediation (INCORE EVK1-CT1999-00017), Workshop on the protection of European water resources, contaminated sites Landfills-sediments, Venice, Italy, Conference Proceedings P17, p 1-7.<\/p>\r\n<p>DINKEL, R. &amp; ERTEL, T. (2000): Durchf\u00fchrung von Gasabsaugversuchen auf Altdeponien, wlb 3\/2000, S. 56-59.<\/p>","protected":false},"excerpt":{"rendered":"<p>2015 ERTEL,T., ALBERTI,L., ALIMI,H.,TREFELETTI,P.,PIETRINI,I., (2015) Fingerprinting and Groundwater Model Application to Evaluate Hydraulic Barrier Efficiency (Italy), Environmental Forensics, 16:3, 217-230 ERTEL,T., KIRCHHOLTES, H.J.,UFRECHT, W., BLANKENHORN, I. (2015): Integrales Altlastenmanagement in Stuttgart \u2013 Grundlagen, Strategie und Vorgehensweise. Altlastenspektrum 06\/2015, S. 205-211 ERTEL,T., KIRCHHOLTES, CARLE, A., VASIN, S. (2015): Der Grundwassermanagementplan f\u00fcr Stuttgart \u2013 Priorit\u00e4ten und konkrete [&hellip;]<\/p>\n","protected":false},"author":1,"featured_media":0,"parent":0,"menu_order":0,"comment_status":"closed","ping_status":"closed","template":"","meta":{"footnotes":""},"tags":[],"class_list":["post-421","page","type-page","status-publish","hentry"],"_links":{"self":[{"href":"https:\/\/www.et-ertel.de\/en\/wp-json\/wp\/v2\/pages\/421","targetHints":{"allow":["GET"]}}],"collection":[{"href":"https:\/\/www.et-ertel.de\/en\/wp-json\/wp\/v2\/pages"}],"about":[{"href":"https:\/\/www.et-ertel.de\/en\/wp-json\/wp\/v2\/types\/page"}],"author":[{"embeddable":true,"href":"https:\/\/www.et-ertel.de\/en\/wp-json\/wp\/v2\/users\/1"}],"replies":[{"embeddable":true,"href":"https:\/\/www.et-ertel.de\/en\/wp-json\/wp\/v2\/comments?post=421"}],"version-history":[{"count":30,"href":"https:\/\/www.et-ertel.de\/en\/wp-json\/wp\/v2\/pages\/421\/revisions"}],"predecessor-version":[{"id":587,"href":"https:\/\/www.et-ertel.de\/en\/wp-json\/wp\/v2\/pages\/421\/revisions\/587"}],"wp:attachment":[{"href":"https:\/\/www.et-ertel.de\/en\/wp-json\/wp\/v2\/media?parent=421"}],"wp:term":[{"taxonomy":"post_tag","embeddable":true,"href":"https:\/\/www.et-ertel.de\/en\/wp-json\/wp\/v2\/tags?post=421"}],"curies":[{"name":"wp","href":"https:\/\/api.w.org\/{rel}","templated":true}]}}